{"id":304,"date":"2023-03-28T07:54:57","date_gmt":"2023-03-28T07:54:57","guid":{"rendered":"https:\/\/guzmanabreuabogados.com\/?page_id=304"},"modified":"2026-03-06T13:11:06","modified_gmt":"2026-03-06T13:11:06","slug":"aviso-legal","status":"publish","type":"page","link":"https:\/\/guzmanabreuabogados.com\/?page_id=304","title":{"rendered":"Aviso Legal"},"content":{"rendered":"<h2>1. OBJETO Y ACEPTACI\u00d3N<\/h2>\n<p>El presente aviso legal regula el uso del sitio Web: <a href=\"https:\/\/www.guzmanabreuabogados.com\">www.guzmanabreuabogados.com<\/a><\/p>\n<p>El sitio web <a href=\"https:\/\/www.guzmanabreuabogados.com\">www.guzmanabreuabogados.com<\/a> presta servicios cuyo objetivo primordial es permitir el contacto entre los usuarios y la entidad, bien para ponerse en contacto con nosotros, responder a su solicitud, gestionar su reclamaci\u00f3n, ejercitar sus derechos en protecci\u00f3n de datos,.<\/p>\n<p>La navegaci\u00f3n por la p\u00e1gina <a href=\"https:\/\/www.guzmanabreuabogados.com\">www.guzmanabreuabogados.com<\/a> atribuye la condici\u00f3n de usuario de la misma e implica la aceptaci\u00f3n plena y sin reservas de todas y cada una de las disposiciones incluidas en este Aviso Legal, que pueden sufrir modificaciones.<\/p>\n<p>El usuario se obliga a hacer un uso correcto del sitio Web de conformidad con las leyes, la buena fe, el orden p\u00fablico, los usos del tr\u00e1fico y el presente Aviso Legal. El Usuario responder\u00e1 frente a GA URBANISMO Y MEDIOAMBIENTE, S.L. y frente a terceros, de los da\u00f1os y perjuicios que pudieran causarse como consecuencia del incumplimiento de dicha obligaci\u00f3n.<\/p>\n<h2>2. TITULARIDAD DE LA WEB E IDENTIFICACI\u00d3N DEL PRESTADOR DE SERVICIOS DE LA SOCIEDAD DE LA INFORMACI\u00d3N<\/h2>\n<p>Con la finalidad de dar cumplimiento al principio de Informaci\u00f3n general exigido por el Art\u00edculo 10 de la Ley 34\/2002, de 11 de julio, de servicios de la sociedad de la informaci\u00f3n y de comercio electr\u00f3nico informamos a nuestros usuarios que el presente sitio web pertenece a GA URBANISMO Y MEDIOAMBIENTE, S.L. con CIF B72725831, inscrita en el Registro Mercantil de tenerife en la hoja TF- 68992, Folio 100, del tomo 33822,de la Secci\u00f3n 1.<\/p>\n<table>\n<tbody>\n<tr>\n<td>Direcci\u00f3n:<\/td>\n<td>3 DE MAYO, 77 OFICINA 18 38003 &#8211; Santa Cruz de Tenerife<\/td>\n<\/tr>\n<tr>\n<td>Correo-e:<\/td>\n<td><a href=\"mailto:info@guzmanabreuabogados.com\">info@guzmanabreuabogados.com<\/a><\/td>\n<\/tr>\n<tr>\n<td>Tel\u00e9fono:<\/td>\n<td><a href=\"tel:+34822299518\">822299518<\/a><\/td>\n<\/tr>\n<tr>\n<td>Web alojada por:<\/td>\n<td>DigitalOcean, LLC<\/td>\n<\/tr>\n<\/tbody>\n<\/table>\n<h2>3. CONDICIONES GENERALES DE ACCESO Y UTILIZACI\u00d3N<\/h2>\n<p>El sitio Web y sus servicios son de acceso libre y gratuito, si bien la utilizaci\u00f3n de determinadas \u00e1reas o servicios est\u00e1 condicionada a cumplimentar formularios de recogida de datos. S\u00f3lo los mayores de 18 a\u00f1os podr\u00e1n facilitar datos a trav\u00e9s de nuestra web, y los menores de 14 a\u00f1os no pueden facilitarlos sin el consentimiento de los padres o tutores.<\/p>\n<p>El Usuario garantiza la autenticidad y actualidad de todos aquellos datos que comunique a\u00a0GA URBANISMO Y MEDIOAMBIENTE, S.L.\u00a0y ser\u00e1 el \u00fanico responsable de las manifestaciones falsas o inexactas que realice. <a href=\"https:\/\/www.guzmanabreuabogados.com\">www.guzmanabreuabogados.com<\/a>\u00a0tiene los siguientes tipos de usuarios:<\/p>\n<ul>\n<li>Usuarios que no han contactado con GA URBANISMO Y MEDIOAMBIENTE, S.L. pero de los que se recogen datos: Datos proporcionados por las cookies.<\/li>\n<li>Usuarios que aportan datos en cualquiera de los formularios disponibles: Los datos personales que GA URBANISMO Y MEDIOAMBIENTE, S.L. solicita incluye el nombre y direcci\u00f3n electr\u00f3nica y los proporcionados por el propio usuario al rellenar los formularios.<\/li>\n<\/ul>\n<h2>3.1 Reglas y prohibiciones de uso para usuarios de nuestros servicios<\/h2>\n<p>El Usuario se compromete expresamente a hacer un uso adecuado de los contenidos y servicios ofrecidos y a no emplearlos para:<\/p>\n<ul>\n<li>Difundir contenidos delictivos, violentos, pornogr\u00e1ficos, racistas, xen\u00f3fobo, ofensivos, de apolog\u00eda del terrorismo o, en general, contrarios a la ley o al orden p\u00fablico.<\/li>\n<li>Introducir en la red virus inform\u00e1ticos o realizar actuaciones susceptibles de alterar, estropear, interrumpir o generar errores o da\u00f1os en los documentos electr\u00f3nicos, datos o sistemas f\u00edsicos y l\u00f3gicos de\u00a0GA URBANISMO Y MEDIOAMBIENTE, S.L.\u00a0o de terceras personas; as\u00ed como obstaculizar el acceso de otros Usuarios al sitio Web y a sus servicios.<\/li>\n<li>Intentar acceder a \u00e1reas restringidas de los sistemas inform\u00e1ticos de\u00a0GA URBANISMO Y MEDIOAMBIENTE, S.L.\u00a0o de terceros y, en su caso, extraer informaci\u00f3n.<\/li>\n<li>Vulnerar los derechos de propiedad intelectual o industrial, as\u00ed como violar la confidencialidad de la informaci\u00f3n de\u00a0GA URBANISMO Y MEDIOAMBIENTE, S.L.\u00a0o de terceros.<\/li>\n<li>Suplantar la identidad de otro Usuario, de las administraciones p\u00fablicas o de un tercero. \uf0b7 Reproducir, copiar, distribuir, poner a disposici\u00f3n o de cualquier otra forma comunicar p\u00fablicamente, transformar o modificar los Contenidos, a menos que se cuente con la autorizaci\u00f3n del titular de los correspondientes derechos o ello resulte legalmente permitido<\/li>\n<li>Recabar datos con finalidad publicitaria y de remitir publicidad de cualquier clase y comunicaciones con fines de venta u otras de naturaleza comercial sin que medie su previa solicitud o consentimiento.<\/li>\n<\/ul>\n<h2>3.2. Procedimiento en caso de realizaci\u00f3n de actividades de car\u00e1cter il\u00edcito<\/h2>\n<p>En el caso de que cualquier usuario o un tercero considere que existen hechos o circunstancias que revelen el car\u00e1cter il\u00edcito de la utilizaci\u00f3n de cualquier contenido y\/o de la realizaci\u00f3n de cualquier actividad en las p\u00e1ginas Web incluidas o accesibles a trav\u00e9s del sitio Web, deber\u00e1 enviar una notificaci\u00f3n a\u00a0GA URBANISMO Y MEDIOAMBIENTE, S.L.\u00a0identific\u00e1ndose debidamente, especificando las supuestas infracciones y declarando expresamente y bajo su responsabilidad que la informaci\u00f3n proporcionada en la notificaci\u00f3n es exacta.<\/p>\n<h2>4. POL\u00cdTICA DE PRIVACIDAD<\/h2>\n<p>El usuario puede consultar c\u00f3mo GA URBANISMO Y MEDIOAMBIENTE, S.L. utiliza sus datos y las medidas de seguridad implantadas en el enlace:\u00a0\u00abPol\u00edtica de privacidad\u201d.<\/p>\n<h2>5. POL\u00cdTICA DE COOKIES<\/h2>\n<p>GA URBANISMO Y MEDIOAMBIENTE, S.L. instala cookies en el ordenador del usuario. Para conocer m\u00e1s las cookies de nuestro sitio web acuda al siguiente enlace:\u00a0\u00abpol\u00edtica de cookies\u00bb.<\/p>\n<h2>6. NOTIFICACIONES<\/h2>\n<p>Todas las notificaciones y comunicaciones entre los usuarios y GA URBANISMO Y MEDIOAMBIENTE, S.L. se considerar\u00e1n eficaces, a todos los efectos, cuando se realicen a trav\u00e9s de correo postal o correo electr\u00f3nico o comunicaci\u00f3n telef\u00f3nica. Los usuarios deber\u00e1n dirigirse a GA URBANISMO Y MEDIOAMBIENTE, S.L. mediante:<\/p>\n<ul>\n<li>Env\u00edo por correo postal a la siguiente direcci\u00f3n: GA URBANISMO Y MEDIOAMBIENTE, S.L. \u2013 3 DE MAYO, 77 OFICINA 18 38003 &#8211; Santa Cruz de Tenerife.<\/li>\n<li>Env\u00edo por correo electr\u00f3nico a la siguiente direcci\u00f3n: <a href=\"mailto:info@guzmanabreuabogados.com\">info@guzmanabreuabogados.com<\/a><\/li>\n<\/ul>\n<h2>7. PROPIEDAD INDUSTRIAL Y PROPIEDAD INTELECTUAL<\/h2>\n<p>Todos los contenidos del sitio Web, como textos, fotograf\u00edas, gr\u00e1ficos, im\u00e1genes, iconos, tecnolog\u00eda, software, as\u00ed como su dise\u00f1o gr\u00e1fico y c\u00f3digos fuente, constituyen una obra cuya propiedad pertenece a GA URBANISMO Y MEDIOAMBIENTE, S.L., sin que puedan entenderse cedidos al Usuario ninguno de los derechos de explotaci\u00f3n sobre los mismos m\u00e1s all\u00e1 de lo estrictamente necesario para el correcto uso de la Web.<\/p>\n<p>En definitiva, los usuarios que accedan a este sitio Web pueden visualizar los contenidos y efectuar, en su caso, copias privadas autorizadas siempre que los elementos reproducidos no sean cedidos posteriormente a terceros, ni se instalen a servidores conectados a redes, ni sean objeto de ning\u00fan tipo de explotaci\u00f3n y \u00fanica y exclusivamente mientras se encuentre en vigor el servicio. Asimismo, todas las marcas, nombres comerciales o signos distintivos de cualquier clase que aparecen en el sitio Web son propiedad de GA URBANISMO Y MEDIOAMBIENTE, S.L., sin que pueda entenderse que el uso o acceso al mismo atribuya al Usuario derecho alguno sobre los mismos.<\/p>\n<p>Quedan prohibidas la distribuci\u00f3n, modificaci\u00f3n, cesi\u00f3n o comunicaci\u00f3n p\u00fablica de los contenidos y cualquier otro acto que no haya sido expresamente autorizado por GA URBANISMO Y MEDIOAMBIENTE, S.L. En caso de incumplimiento GA URBANISMO Y MEDIOAMBIENTE, S.L. proceder\u00e1 a adoptar las medidas legales oportunas.<\/p>\n<h2>8. EXENCI\u00d3N DE RESPONSABILIDAD Y MODIFICACI\u00d3N DEL PRESENTE AVISO LEGAL<\/h2>\n<p>La web <a href=\"https:\/\/www.guzmanabreuabogados.com\">www.guzmanabreuabogados.com<\/a> utiliza t\u00e9cnicas de seguridad de la informaci\u00f3n tales como firewalls, procedimientos de control de acceso y mecanismos criptogr\u00e1ficos, todo ello con el objetivo de evitar el acceso no autorizado a los datos y garantizar la confidencialidad de los mismos.<\/p>\n<p>La informaci\u00f3n que se difunde en esta web se hace \u00fanica y exclusivamente a t\u00edtulo informativo, reserv\u00e1ndose GA URBANISMO Y MEDIOAMBIENTE, S.L. el derecho de eliminar o suspender su difusi\u00f3n, total o parcialmente, y a modificar la estructura y contenido de este sitio Web sin aviso previo, pudiendo incluso limitar o no permitir el acceso a dicha informaci\u00f3n. GA URBANISMO Y MEDIOAMBIENTE, S.L. intenta mantener la calidad y actualizaci\u00f3n de esta informaci\u00f3n y evitar y minimizar posibles errores pero GA URBANISMO Y MEDIOAMBIENTE, S.L. no responder\u00e1 de los da\u00f1os o perjuicios causados por decisiones tomadas en base a la informaci\u00f3n difundida; ni de inexactitudes, omisiones o errores contenidos en el mismo, ni de los problemas que se originen por el uso de este sitio Web u otro de conexi\u00f3n externa; ni de los da\u00f1os y\/o perjuicios en el software o hardware del usuario que se deriven del acceso a este sitio Web.<\/p>\n<p>Los Usuarios aceptan expresamente que GA URBANISMO Y MEDIOAMBIENTE, S.L. no ser\u00e1 responsable del acceso no autorizado o alteraci\u00f3n de sus transmisiones o datos, de cualquier material o datos enviados o recibidos o no enviados o recibidos, ni de ninguna transacci\u00f3n realizada a trav\u00e9s de su web. GA URBANISMO Y MEDIOAMBIENTE, S.L. se reserva el derecho a modificar el presente aviso legal unilateralmente y sin preaviso en los t\u00e9rminos y condiciones que estime conveniente con la \u00fanica obligaci\u00f3n de informar al usuario de las modificaciones efectuadas a trav\u00e9s de <a href=\"https:\/\/www.guzmanabreuabogados.com\">www.guzmanabreuabogados.com<\/a>.<\/p>\n<h2>9. NULIDAD PARCIAL<\/h2>\n<p>Si alguna de las presentes cl\u00e1usulas fuese declarada nula y sin efecto por resoluci\u00f3n firme dictada por autoridad competente, los restantes t\u00e9rminos y condiciones permanecer\u00e1n en vigor, sin que queden afectados por dicha declaraci\u00f3n de nulidad.<\/p>\n<h2>10. LEY APLICABLE Y TRIBUNALES COMPETENTES<\/h2>\n<p>El presente sitio web queda sometido a lo establecido por la legislaci\u00f3n espa\u00f1ola y normativa europea que resulte de aplicaci\u00f3n<\/p>\n<p>Cualquier controversia que surja o guarde relaci\u00f3n con el uso de la p\u00e1gina web o con dichos productos ser\u00e1 sometida a la jurisdicci\u00f3n no exclusiva de los juzgados y tribunales espa\u00f1oles de la provincia de Santa Cruz de Tenerife.<\/p>\n<p>Si se trata de un consumidor final nada en la presente cl\u00e1usula afectar\u00e1 a los derechos que como tal le reconoce la legislaci\u00f3n vigente, pudiendo elegir presentar una reclamaci\u00f3n para hacer valer sus derechos en relaci\u00f3n con las presentes Condiciones ante el Juez o Tribunales que correspondan a su domicilio.<\/p>\n<p><strong>Fecha: 29\/01\/2026<\/strong><\/p>\n<p><strong>Versi\u00f3n: V.1.0<\/strong><\/p>\n","protected":false},"excerpt":{"rendered":"<p>1. OBJETO Y ACEPTACI\u00d3N El presente aviso legal regula el uso del sitio Web: www.guzmanabreuabogados.com El sitio web www.guzmanabreuabogados.com presta servicios cuyo objetivo primordial es permitir el contacto entre los usuarios y la entidad, bien para ponerse en contacto con nosotros, responder a su solicitud, gestionar su reclamaci\u00f3n, ejercitar sus derechos en protecci\u00f3n de datos,. [&hellip;]<\/p>\n","protected":false},"author":1,"featured_media":0,"parent":0,"menu_order":0,"comment_status":"closed","ping_status":"closed","template":"","meta":{"_et_pb_use_builder":"off","_et_pb_old_content":"","_et_gb_content_width":"1080","footnotes":""},"class_list":["post-304","page","type-page","status-publish","hentry"],"yoast_head":"<!-- This site is optimized with the Yoast SEO plugin v27.5 - https:\/\/yoast.com\/product\/yoast-seo-wordpress\/ -->\n<title>Aviso Legal - Guzm\u00e1n Abreu<\/title>\n<meta name=\"robots\" content=\"index, follow, max-snippet:-1, max-image-preview:large, max-video-preview:-1\" \/>\n<link rel=\"canonical\" href=\"https:\/\/guzmanabreuabogados.com\/?page_id=304\" \/>\n<meta property=\"og:locale\" content=\"es_ES\" \/>\n<meta property=\"og:type\" content=\"article\" \/>\n<meta property=\"og:title\" content=\"Aviso Legal - Guzm\u00e1n Abreu\" \/>\n<meta property=\"og:description\" content=\"1. OBJETO Y ACEPTACI\u00d3N El presente aviso legal regula el uso del sitio Web: www.guzmanabreuabogados.com El sitio web www.guzmanabreuabogados.com presta servicios cuyo objetivo primordial es permitir el contacto entre los usuarios y la entidad, bien para ponerse en contacto con nosotros, responder a su solicitud, gestionar su reclamaci\u00f3n, ejercitar sus derechos en protecci\u00f3n de datos,. [&hellip;]\" \/>\n<meta property=\"og:url\" content=\"https:\/\/guzmanabreuabogados.com\/?page_id=304\" \/>\n<meta property=\"og:site_name\" content=\"Guzm\u00e1n Abreu\" \/>\n<meta property=\"article:modified_time\" content=\"2026-03-06T13:11:06+00:00\" \/>\n<meta name=\"twitter:card\" content=\"summary_large_image\" \/>\n<meta name=\"twitter:label1\" content=\"Tiempo de lectura\" \/>\n\t<meta name=\"twitter:data1\" content=\"8 minutos\" \/>\n<script type=\"application\/ld+json\" class=\"yoast-schema-graph\">{\"@context\":\"https:\\\/\\\/schema.org\",\"@graph\":[{\"@type\":\"WebPage\",\"@id\":\"https:\\\/\\\/guzmanabreuabogados.com\\\/?page_id=304\",\"url\":\"https:\\\/\\\/guzmanabreuabogados.com\\\/?page_id=304\",\"name\":\"Aviso Legal - Guzm\u00e1n Abreu\",\"isPartOf\":{\"@id\":\"https:\\\/\\\/guzmanabreuabogados.com\\\/#website\"},\"datePublished\":\"2023-03-28T07:54:57+00:00\",\"dateModified\":\"2026-03-06T13:11:06+00:00\",\"breadcrumb\":{\"@id\":\"https:\\\/\\\/guzmanabreuabogados.com\\\/?page_id=304#breadcrumb\"},\"inLanguage\":\"es\",\"potentialAction\":[{\"@type\":\"ReadAction\",\"target\":[\"https:\\\/\\\/guzmanabreuabogados.com\\\/?page_id=304\"]}]},{\"@type\":\"BreadcrumbList\",\"@id\":\"https:\\\/\\\/guzmanabreuabogados.com\\\/?page_id=304#breadcrumb\",\"itemListElement\":[{\"@type\":\"ListItem\",\"position\":1,\"name\":\"Portada\",\"item\":\"https:\\\/\\\/guzmanabreuabogados.com\\\/\"},{\"@type\":\"ListItem\",\"position\":2,\"name\":\"Aviso Legal\"}]},{\"@type\":\"WebSite\",\"@id\":\"https:\\\/\\\/guzmanabreuabogados.com\\\/#website\",\"url\":\"https:\\\/\\\/guzmanabreuabogados.com\\\/\",\"name\":\"Guzm\u00e1n Abreu\",\"description\":\"Guzm\u00e1n Abreu\",\"potentialAction\":[{\"@type\":\"SearchAction\",\"target\":{\"@type\":\"EntryPoint\",\"urlTemplate\":\"https:\\\/\\\/guzmanabreuabogados.com\\\/?s={search_term_string}\"},\"query-input\":{\"@type\":\"PropertyValueSpecification\",\"valueRequired\":true,\"valueName\":\"search_term_string\"}}],\"inLanguage\":\"es\"}]}<\/script>\n<!-- \/ Yoast SEO plugin. -->","yoast_head_json":{"title":"Aviso Legal - Guzm\u00e1n Abreu","robots":{"index":"index","follow":"follow","max-snippet":"max-snippet:-1","max-image-preview":"max-image-preview:large","max-video-preview":"max-video-preview:-1"},"canonical":"https:\/\/guzmanabreuabogados.com\/?page_id=304","og_locale":"es_ES","og_type":"article","og_title":"Aviso Legal - Guzm\u00e1n Abreu","og_description":"1. OBJETO Y ACEPTACI\u00d3N El presente aviso legal regula el uso del sitio Web: www.guzmanabreuabogados.com El sitio web www.guzmanabreuabogados.com presta servicios cuyo objetivo primordial es permitir el contacto entre los usuarios y la entidad, bien para ponerse en contacto con nosotros, responder a su solicitud, gestionar su reclamaci\u00f3n, ejercitar sus derechos en protecci\u00f3n de datos,. [&hellip;]","og_url":"https:\/\/guzmanabreuabogados.com\/?page_id=304","og_site_name":"Guzm\u00e1n Abreu","article_modified_time":"2026-03-06T13:11:06+00:00","twitter_card":"summary_large_image","twitter_misc":{"Tiempo de lectura":"8 minutos"},"schema":{"@context":"https:\/\/schema.org","@graph":[{"@type":"WebPage","@id":"https:\/\/guzmanabreuabogados.com\/?page_id=304","url":"https:\/\/guzmanabreuabogados.com\/?page_id=304","name":"Aviso Legal - Guzm\u00e1n Abreu","isPartOf":{"@id":"https:\/\/guzmanabreuabogados.com\/#website"},"datePublished":"2023-03-28T07:54:57+00:00","dateModified":"2026-03-06T13:11:06+00:00","breadcrumb":{"@id":"https:\/\/guzmanabreuabogados.com\/?page_id=304#breadcrumb"},"inLanguage":"es","potentialAction":[{"@type":"ReadAction","target":["https:\/\/guzmanabreuabogados.com\/?page_id=304"]}]},{"@type":"BreadcrumbList","@id":"https:\/\/guzmanabreuabogados.com\/?page_id=304#breadcrumb","itemListElement":[{"@type":"ListItem","position":1,"name":"Portada","item":"https:\/\/guzmanabreuabogados.com\/"},{"@type":"ListItem","position":2,"name":"Aviso Legal"}]},{"@type":"WebSite","@id":"https:\/\/guzmanabreuabogados.com\/#website","url":"https:\/\/guzmanabreuabogados.com\/","name":"Guzm\u00e1n Abreu","description":"Guzm\u00e1n Abreu","potentialAction":[{"@type":"SearchAction","target":{"@type":"EntryPoint","urlTemplate":"https:\/\/guzmanabreuabogados.com\/?s={search_term_string}"},"query-input":{"@type":"PropertyValueSpecification","valueRequired":true,"valueName":"search_term_string"}}],"inLanguage":"es"}]}},"_links":{"self":[{"href":"https:\/\/guzmanabreuabogados.com\/index.php?rest_route=\/wp\/v2\/pages\/304","targetHints":{"allow":["GET"]}}],"collection":[{"href":"https:\/\/guzmanabreuabogados.com\/index.php?rest_route=\/wp\/v2\/pages"}],"about":[{"href":"https:\/\/guzmanabreuabogados.com\/index.php?rest_route=\/wp\/v2\/types\/page"}],"author":[{"embeddable":true,"href":"https:\/\/guzmanabreuabogados.com\/index.php?rest_route=\/wp\/v2\/users\/1"}],"replies":[{"embeddable":true,"href":"https:\/\/guzmanabreuabogados.com\/index.php?rest_route=%2Fwp%2Fv2%2Fcomments&post=304"}],"version-history":[{"count":6,"href":"https:\/\/guzmanabreuabogados.com\/index.php?rest_route=\/wp\/v2\/pages\/304\/revisions"}],"predecessor-version":[{"id":391,"href":"https:\/\/guzmanabreuabogados.com\/index.php?rest_route=\/wp\/v2\/pages\/304\/revisions\/391"}],"wp:attachment":[{"href":"https:\/\/guzmanabreuabogados.com\/index.php?rest_route=%2Fwp%2Fv2%2Fmedia&parent=304"}],"curies":[{"name":"wp","href":"https:\/\/api.w.org\/{rel}","templated":true}]}}